{"id":134,"date":"2025-09-06T03:18:59","date_gmt":"2025-09-06T03:18:59","guid":{"rendered":"http:\/\/rola-management.com\/?page_id=134"},"modified":"2025-09-06T03:51:47","modified_gmt":"2025-09-06T03:51:47","slug":"impressum","status":"publish","type":"page","link":"https:\/\/rola-management.com\/?page_id=134","title":{"rendered":"Impressum"},"content":{"rendered":"\n<p class=\"has-medium-font-size\"><strong>Angaben gem\u00e4\u00df \u00a7 5 TMG<\/strong><\/p>\n\n\n\n<p class=\"has-medium-font-size\">Kamil Jakub Rola |&nbsp;<strong>Rola Management<\/strong><br>Inhaber\/Gesch\u00e4ftsf\u00fchrer: Kamil Jakub Rola<br>K\u00f6hlstra\u00dfe 37<br>50827 K\u00f6ln<br>Deutschland<\/p>\n\n\n\n<p class=\"has-medium-font-size\"><strong>Kontakt<\/strong><br>Telefon: +49 177 45 92 781<br>E-Mail: info@rola-management.com<\/p>\n\n\n\n<p class=\"has-medium-font-size\"><strong>Verantwortlich f\u00fcr den Inhalt nach \u00a7 55 Abs. 2 RStV<\/strong><br>Kamil Jakub Rola<br>K\u00f6hlstra\u00dfe 37<br>50827 K\u00f6ln<br>Deutschland<\/p>\n\n\n\n<p class=\"has-medium-font-size\"><strong>Umsatzsteuer-ID<\/strong><br>Gem\u00e4\u00df \u00a7 19 UStG (Kleinunternehmerregelung) wird keine Umsatzsteuer ausgewiesen.<\/p>\n\n\n\n<p class=\"has-medium-font-size\"><strong>Haftung f\u00fcr Inhalte<\/strong><br>Die Inhalte unserer Seiten wurden mit gr\u00f6\u00dfter Sorgfalt erstellt. F\u00fcr die Richtigkeit, Vollst\u00e4ndigkeit und Aktualit\u00e4t der Inhalte k\u00f6nnen wir jedoch keine Gew\u00e4hr \u00fcbernehmen.<\/p>\n\n\n\n<p class=\"has-medium-font-size\"><strong>Haftung f\u00fcr Links<\/strong><br>Unser Angebot enth\u00e4lt Links zu externen Websites Dritter, auf deren Inhalte wir keinen Einfluss haben. Deshalb k\u00f6nnen wir f\u00fcr diese fremden Inhalte auch keine Gew\u00e4hr \u00fcbernehmen. F\u00fcr die Inhalte der verlinkten Seiten ist stets der jeweilige Anbieter oder Betreiber verantwortlich.<\/p>\n\n\n\n<p class=\"has-medium-font-size\"><strong>Urheberrecht<\/strong><br>Die durch die Seitenbetreiber erstellten Inhalte und Werke auf diesen Seiten unterliegen dem deutschen Urheberrecht. Die Vervielf\u00e4ltigung, Bearbeitung, Verbreitung und jede Art der Verwertung au\u00dferhalb der Grenzen des Urheberrechts bed\u00fcrfen der schriftlichen Zustimmung des jeweiligen Autors bzw. Erstellers.<\/p>\n\n\n\n<p class=\"has-medium-font-size\"><\/p>\n","protected":false},"excerpt":{"rendered":"<p>Angaben gem\u00e4\u00df \u00a7 5 TMG Kamil Jakub Rola |&nbsp;Rola ManagementInhaber\/Gesch\u00e4ftsf\u00fchrer: Kamil Jakub RolaK\u00f6hlstra\u00dfe 3750827 K\u00f6lnDeutschland KontaktTelefon: +49 177 45 92 781E-Mail: info@rola-management.com Verantwortlich f\u00fcr den Inhalt nach \u00a7 55 Abs. 2 RStVKamil Jakub RolaK\u00f6hlstra\u00dfe 3750827 K\u00f6lnDeutschland Umsatzsteuer-IDGem\u00e4\u00df \u00a7 19 UStG (Kleinunternehmerregelung) wird keine Umsatzsteuer ausgewiesen. Haftung f\u00fcr InhalteDie Inhalte unserer Seiten wurden mit gr\u00f6\u00dfter Sorgfalt [&hellip;]<\/p>\n","protected":false},"author":1,"featured_media":0,"parent":0,"menu_order":0,"comment_status":"closed","ping_status":"closed","template":"","meta":{"footnotes":""},"class_list":["post-134","page","type-page","status-publish","hentry"],"yoast_head":"<!-- This site is optimized with the Yoast SEO plugin v26.7 - https:\/\/yoast.com\/wordpress\/plugins\/seo\/ -->\n<title>Impressum - ROLA MANAGEMENT<\/title>\n<meta name=\"robots\" content=\"index, follow, max-snippet:-1, max-image-preview:large, max-video-preview:-1\" \/>\n<link rel=\"canonical\" href=\"https:\/\/rola-management.com\/?page_id=134\" \/>\n<meta property=\"og:locale\" content=\"de_DE\" \/>\n<meta property=\"og:type\" content=\"article\" \/>\n<meta property=\"og:title\" content=\"Impressum - ROLA MANAGEMENT\" \/>\n<meta property=\"og:description\" content=\"Angaben gem\u00e4\u00df \u00a7 5 TMG Kamil Jakub Rola |&nbsp;Rola ManagementInhaber\/Gesch\u00e4ftsf\u00fchrer: Kamil Jakub RolaK\u00f6hlstra\u00dfe 3750827 K\u00f6lnDeutschland KontaktTelefon: +49 177 45 92 781E-Mail: info@rola-management.com Verantwortlich f\u00fcr den Inhalt nach \u00a7 55 Abs. 2 RStVKamil Jakub RolaK\u00f6hlstra\u00dfe 3750827 K\u00f6lnDeutschland Umsatzsteuer-IDGem\u00e4\u00df \u00a7 19 UStG (Kleinunternehmerregelung) wird keine Umsatzsteuer ausgewiesen. Haftung f\u00fcr InhalteDie Inhalte unserer Seiten wurden mit gr\u00f6\u00dfter Sorgfalt [&hellip;]\" \/>\n<meta property=\"og:url\" content=\"https:\/\/rola-management.com\/?page_id=134\" \/>\n<meta property=\"og:site_name\" content=\"ROLA MANAGEMENT\" \/>\n<meta property=\"article:modified_time\" content=\"2025-09-06T03:51:47+00:00\" \/>\n<meta name=\"twitter:card\" content=\"summary_large_image\" \/>\n<meta name=\"twitter:label1\" content=\"Gesch\u00e4tzte Lesezeit\" \/>\n\t<meta name=\"twitter:data1\" content=\"1\u00a0Minute\" \/>\n<script type=\"application\/ld+json\" class=\"yoast-schema-graph\">{\"@context\":\"https:\/\/schema.org\",\"@graph\":[{\"@type\":\"WebPage\",\"@id\":\"https:\/\/rola-management.com\/?page_id=134\",\"url\":\"https:\/\/rola-management.com\/?page_id=134\",\"name\":\"Impressum - ROLA MANAGEMENT\",\"isPartOf\":{\"@id\":\"https:\/\/rola-management.com\/#website\"},\"datePublished\":\"2025-09-06T03:18:59+00:00\",\"dateModified\":\"2025-09-06T03:51:47+00:00\",\"breadcrumb\":{\"@id\":\"https:\/\/rola-management.com\/?page_id=134#breadcrumb\"},\"inLanguage\":\"de\",\"potentialAction\":[{\"@type\":\"ReadAction\",\"target\":[\"https:\/\/rola-management.com\/?page_id=134\"]}]},{\"@type\":\"BreadcrumbList\",\"@id\":\"https:\/\/rola-management.com\/?page_id=134#breadcrumb\",\"itemListElement\":[{\"@type\":\"ListItem\",\"position\":1,\"name\":\"Start\",\"item\":\"https:\/\/rola-management.com\/\"},{\"@type\":\"ListItem\",\"position\":2,\"name\":\"Impressum\"}]},{\"@type\":\"WebSite\",\"@id\":\"https:\/\/rola-management.com\/#website\",\"url\":\"https:\/\/rola-management.com\/\",\"name\":\"ROLA MANAGEMENT\",\"description\":\"Direction. Execution. Outcome.\",\"publisher\":{\"@id\":\"https:\/\/rola-management.com\/#organization\"},\"potentialAction\":[{\"@type\":\"SearchAction\",\"target\":{\"@type\":\"EntryPoint\",\"urlTemplate\":\"https:\/\/rola-management.com\/?s={search_term_string}\"},\"query-input\":{\"@type\":\"PropertyValueSpecification\",\"valueRequired\":true,\"valueName\":\"search_term_string\"}}],\"inLanguage\":\"de\"},{\"@type\":\"Organization\",\"@id\":\"https:\/\/rola-management.com\/#organization\",\"name\":\"ROLA MANAGEMENT\",\"url\":\"https:\/\/rola-management.com\/\",\"logo\":{\"@type\":\"ImageObject\",\"inLanguage\":\"de\",\"@id\":\"https:\/\/rola-management.com\/#\/schema\/logo\/image\/\",\"url\":\"https:\/\/rola-management.com\/wp-content\/uploads\/2025\/09\/Ohne-Titel-222.png\",\"contentUrl\":\"https:\/\/rola-management.com\/wp-content\/uploads\/2025\/09\/Ohne-Titel-222.png\",\"width\":1181,\"height\":1181,\"caption\":\"ROLA MANAGEMENT\"},\"image\":{\"@id\":\"https:\/\/rola-management.com\/#\/schema\/logo\/image\/\"},\"sameAs\":[\"https:\/\/www.instagram.com\/rola_management?igsh=bXpnc2p5ZjBoOWhj\"]}]}<\/script>\n<!-- \/ Yoast SEO plugin. -->","yoast_head_json":{"title":"Impressum - ROLA MANAGEMENT","robots":{"index":"index","follow":"follow","max-snippet":"max-snippet:-1","max-image-preview":"max-image-preview:large","max-video-preview":"max-video-preview:-1"},"canonical":"https:\/\/rola-management.com\/?page_id=134","og_locale":"de_DE","og_type":"article","og_title":"Impressum - ROLA MANAGEMENT","og_description":"Angaben gem\u00e4\u00df \u00a7 5 TMG Kamil Jakub Rola |&nbsp;Rola ManagementInhaber\/Gesch\u00e4ftsf\u00fchrer: Kamil Jakub RolaK\u00f6hlstra\u00dfe 3750827 K\u00f6lnDeutschland KontaktTelefon: +49 177 45 92 781E-Mail: info@rola-management.com Verantwortlich f\u00fcr den Inhalt nach \u00a7 55 Abs. 2 RStVKamil Jakub RolaK\u00f6hlstra\u00dfe 3750827 K\u00f6lnDeutschland Umsatzsteuer-IDGem\u00e4\u00df \u00a7 19 UStG (Kleinunternehmerregelung) wird keine Umsatzsteuer ausgewiesen. Haftung f\u00fcr InhalteDie Inhalte unserer Seiten wurden mit gr\u00f6\u00dfter Sorgfalt [&hellip;]","og_url":"https:\/\/rola-management.com\/?page_id=134","og_site_name":"ROLA MANAGEMENT","article_modified_time":"2025-09-06T03:51:47+00:00","twitter_card":"summary_large_image","twitter_misc":{"Gesch\u00e4tzte Lesezeit":"1\u00a0Minute"},"schema":{"@context":"https:\/\/schema.org","@graph":[{"@type":"WebPage","@id":"https:\/\/rola-management.com\/?page_id=134","url":"https:\/\/rola-management.com\/?page_id=134","name":"Impressum - ROLA MANAGEMENT","isPartOf":{"@id":"https:\/\/rola-management.com\/#website"},"datePublished":"2025-09-06T03:18:59+00:00","dateModified":"2025-09-06T03:51:47+00:00","breadcrumb":{"@id":"https:\/\/rola-management.com\/?page_id=134#breadcrumb"},"inLanguage":"de","potentialAction":[{"@type":"ReadAction","target":["https:\/\/rola-management.com\/?page_id=134"]}]},{"@type":"BreadcrumbList","@id":"https:\/\/rola-management.com\/?page_id=134#breadcrumb","itemListElement":[{"@type":"ListItem","position":1,"name":"Start","item":"https:\/\/rola-management.com\/"},{"@type":"ListItem","position":2,"name":"Impressum"}]},{"@type":"WebSite","@id":"https:\/\/rola-management.com\/#website","url":"https:\/\/rola-management.com\/","name":"ROLA MANAGEMENT","description":"Direction. Execution. Outcome.","publisher":{"@id":"https:\/\/rola-management.com\/#organization"},"potentialAction":[{"@type":"SearchAction","target":{"@type":"EntryPoint","urlTemplate":"https:\/\/rola-management.com\/?s={search_term_string}"},"query-input":{"@type":"PropertyValueSpecification","valueRequired":true,"valueName":"search_term_string"}}],"inLanguage":"de"},{"@type":"Organization","@id":"https:\/\/rola-management.com\/#organization","name":"ROLA MANAGEMENT","url":"https:\/\/rola-management.com\/","logo":{"@type":"ImageObject","inLanguage":"de","@id":"https:\/\/rola-management.com\/#\/schema\/logo\/image\/","url":"https:\/\/rola-management.com\/wp-content\/uploads\/2025\/09\/Ohne-Titel-222.png","contentUrl":"https:\/\/rola-management.com\/wp-content\/uploads\/2025\/09\/Ohne-Titel-222.png","width":1181,"height":1181,"caption":"ROLA MANAGEMENT"},"image":{"@id":"https:\/\/rola-management.com\/#\/schema\/logo\/image\/"},"sameAs":["https:\/\/www.instagram.com\/rola_management?igsh=bXpnc2p5ZjBoOWhj"]}]}},"_links":{"self":[{"href":"https:\/\/rola-management.com\/index.php?rest_route=\/wp\/v2\/pages\/134","targetHints":{"allow":["GET"]}}],"collection":[{"href":"https:\/\/rola-management.com\/index.php?rest_route=\/wp\/v2\/pages"}],"about":[{"href":"https:\/\/rola-management.com\/index.php?rest_route=\/wp\/v2\/types\/page"}],"author":[{"embeddable":true,"href":"https:\/\/rola-management.com\/index.php?rest_route=\/wp\/v2\/users\/1"}],"replies":[{"embeddable":true,"href":"https:\/\/rola-management.com\/index.php?rest_route=%2Fwp%2Fv2%2Fcomments&post=134"}],"version-history":[{"count":2,"href":"https:\/\/rola-management.com\/index.php?rest_route=\/wp\/v2\/pages\/134\/revisions"}],"predecessor-version":[{"id":173,"href":"https:\/\/rola-management.com\/index.php?rest_route=\/wp\/v2\/pages\/134\/revisions\/173"}],"wp:attachment":[{"href":"https:\/\/rola-management.com\/index.php?rest_route=%2Fwp%2Fv2%2Fmedia&parent=134"}],"curies":[{"name":"wp","href":"https:\/\/api.w.org\/{rel}","templated":true}]}}